{"id":108,"date":"2022-01-08T00:25:18","date_gmt":"2022-01-08T00:25:18","guid":{"rendered":"https:\/\/new.demarquet.com\/?page_id=108"},"modified":"2026-02-15T23:54:21","modified_gmt":"2026-02-15T22:54:21","slug":"uber","status":"publish","type":"page","link":"https:\/\/demarquet.com\/de\/about\/","title":{"rendered":"De Marquet Geschichte"},"content":{"rendered":"<div data-elementor-type=\"wp-page\" data-elementor-id=\"108\" class=\"elementor elementor-108\" data-elementor-post-type=\"page\">\n\t\t\t\t<div class=\"elementor-element elementor-element-3efbd35 e-con-full e-flex e-con e-parent\" data-id=\"3efbd35\" data-element_type=\"container\" data-e-type=\"container\">\n\t\t\t\t<div class=\"elementor-element elementor-element-ac83d3e elementor-widget elementor-widget-image\" data-id=\"ac83d3e\" data-element_type=\"widget\" data-e-type=\"widget\" data-widget_type=\"image.default\">\n\t\t\t\t<div class=\"elementor-widget-container\">\n\t\t\t\t\t\t\t\t\t\t\t\t\t\t\t<img fetchpriority=\"high\" decoding=\"async\" width=\"4586\" height=\"2304\" src=\"https:\/\/demarquet.com\/wp-content\/uploads\/2026\/02\/SS26-Story-BANNER.webp\" class=\"attachment-full size-full wp-image-14957\" alt=\"\" srcset=\"https:\/\/demarquet.com\/wp-content\/uploads\/2026\/02\/SS26-Story-BANNER.webp 4586w, https:\/\/demarquet.com\/wp-content\/uploads\/2026\/02\/SS26-Story-BANNER-300x151.webp 300w, https:\/\/demarquet.com\/wp-content\/uploads\/2026\/02\/SS26-Story-BANNER-1024x514.webp 1024w, https:\/\/demarquet.com\/wp-content\/uploads\/2026\/02\/SS26-Story-BANNER-768x386.webp 768w, https:\/\/demarquet.com\/wp-content\/uploads\/2026\/02\/SS26-Story-BANNER-1536x772.webp 1536w, https:\/\/demarquet.com\/wp-content\/uploads\/2026\/02\/SS26-Story-BANNER-2048x1029.webp 2048w, https:\/\/demarquet.com\/wp-content\/uploads\/2026\/02\/SS26-Story-BANNER-18x9.webp 18w, https:\/\/demarquet.com\/wp-content\/uploads\/2026\/02\/SS26-Story-BANNER-600x301.webp 600w\" sizes=\"(max-width: 4586px) 100vw, 4586px\" \/>\t\t\t\t\t\t\t\t\t\t\t\t\t\t\t<\/div>\n\t\t\t\t<\/div>\n\t\t<div class=\"elementor-element elementor-element-db9d754 e-con-full e-flex e-con e-child\" data-id=\"db9d754\" data-element_type=\"container\" data-e-type=\"container\">\n\t\t\t\t<div class=\"elementor-element elementor-element-8bb9d73 elementor-widget elementor-widget-heading\" data-id=\"8bb9d73\" data-element_type=\"widget\" data-e-type=\"widget\" data-widget_type=\"heading.default\">\n\t\t\t\t<div class=\"elementor-widget-container\">\n\t\t\t\t\t<h1 class=\"elementor-heading-title elementor-size-default\">De Marquet Geschichte<\/h1>\t\t\t\t<\/div>\n\t\t\t\t<\/div>\n\t\t\t\t<div class=\"elementor-element elementor-element-48c0ff1 elementor-widget elementor-widget-text-editor\" data-id=\"48c0ff1\" data-element_type=\"widget\" data-e-type=\"widget\" data-widget_type=\"text-editor.default\">\n\t\t\t\t<div class=\"elementor-widget-container\">\n\t\t\t\t\t\t\t\t\t<p>Ich bin im Herzen Unternehmerin, kreativ und leidenschaftlich und geh\u00f6re wahrscheinlich zu den Frauen, die Herausforderungen lieben und nicht z\u00f6gern, sich ihnen zu stellen. Schon immer von Mode fasziniert und beruflich als typische \"Vielfliegerin\" unterwegs, wurde ich vor ein paar Jahren dazu inspiriert, \"De Marquet\" zu gr\u00fcnden, meine eigene Handtaschenmarke, deren Namen ich zu Ehren meiner adeligen Wiener Urgro\u00dfmutter w\u00e4hlte. Die kultige \"Night&amp;Day\" ist eine Tasche mit austauschbaren Covers, die von Frauen, die viel reisen, wegen ihrer Praktikabilit\u00e4t gesch\u00e4tzt wird, aber auch, weil sie eine neue und nachhaltige Art widerspiegelt, weniger zu konsumieren, aber besser zu konsumieren. F\u00fcr die \"Night&amp;Day\" mit ihrem cleveren Konzept und den austauschbaren Covers, die vollst\u00e4ndig in Italien von Kunsthandwerkern hergestellt werden, bin ich immer auf der Suche nach Kollaborationen mit bekannten und aufstrebenden K\u00fcnstlern; f\u00fcr mich ist jedes Cover ein echtes Ausdrucksgebiet. Diese Kooperationen f\u00fchren nicht selten zu sch\u00f6nen und wertvollen Freundschaften, und das ist ein weiterer Grund, warum ich meine Arbeit so genie\u00dfe: Ich interessiere mich f\u00fcr Menschen und ihre Geschichten. Was sie inspiriert, wof\u00fcr sie stehen, woran sie glauben. Was mich betrifft, glaube ich an den Funken, den Mut, sein Leben auf einen Traum auszurichten. Ich werde nicht aufh\u00f6ren, an Tr\u00e4ume zu glauben, und ich hoffe sehr, dass du das auch tust. Vielen Dank, dass du dir die Zeit genommen hast, auf unserer De Marquet-Website vorbeizuschauen. Ich hoffe, dass du beim St\u00f6bern die Leidenschaft und Liebe sp\u00fcrst, die wir in unsere Arbeit stecken.\u00a0<\/p>\t\t\t\t\t\t\t\t<\/div>\n\t\t\t\t<\/div>\n\t\t\t\t<\/div>\n\t\t<div class=\"elementor-element elementor-element-b8a3c17 e-flex e-con-boxed e-con e-child\" data-id=\"b8a3c17\" data-element_type=\"container\" data-e-type=\"container\" id=\"sustainability\">\n\t\t\t\t\t<div class=\"e-con-inner\">\n\t\t\t\t<div class=\"elementor-element elementor-element-c4a5922 elementor-widget elementor-widget-heading\" data-id=\"c4a5922\" data-element_type=\"widget\" data-e-type=\"widget\" data-widget_type=\"heading.default\">\n\t\t\t\t<div class=\"elementor-widget-container\">\n\t\t\t\t\t<h2 class=\"elementor-heading-title elementor-size-default\">NACHHALTIGKEIT<\/h2>\t\t\t\t<\/div>\n\t\t\t\t<\/div>\n\t\t\t\t<div class=\"elementor-element elementor-element-894989e elementor-widget elementor-widget-text-editor\" data-id=\"894989e\" data-element_type=\"widget\" data-e-type=\"widget\" data-widget_type=\"text-editor.default\">\n\t\t\t\t<div class=\"elementor-widget-container\">\n\t\t\t\t\t\t\t\t\t<p>Nachhaltigkeit scheint heutzutage ein Modewort zu sein, obwohl ich mich manchmal frage, ob wir alle seine Bedeutung wirklich auf die gleiche Weise begreifen. Unabh\u00e4ngig davon glaube ich, dass das Wesentliche darin besteht, eine neue Achtsamkeit zu entwickeln und einen positiven Einfluss auszu\u00fcben, egal wie klein er auch sein mag.\nBei De Marquet war die Einbeziehung nachhaltiger und sozialer \u00dcberlegungen in unsere Produktentwicklung von Anfang an ein Eckpfeiler. Die Entscheidung f\u00fcr \"Made in Italy\" war f\u00fcr uns nicht nur ein Etikett, sondern eine F\u00f6rderung der lokalen Produktion. Aus diesem Grund befinden sich unsere Werkst\u00e4tten im Herzen der Toskana.<br \/>Ein einzigartiger Aspekt unseres Ateliers ist seine Rolle als Wiedereingliederungseinrichtung. Das bedeutet, dass 30 % unserer Belegschaft aus Menschen mit k\u00f6rperlichen oder geistigen Einschr\u00e4nkungen oder Behinderungen oder aus schwierigen sozialen Verh\u00e4ltnissen stammen.<br \/>Die COVID-19-Pandemie und die darauf folgenden Schlie\u00dfungen haben gezeigt, wie wichtig es ist, diese Arbeitspl\u00e4tze zu erhalten. Um sich darauf einzustellen, stellte unser Werk, das sich normalerweise auf die Herstellung von Taschen und Schuhen konzentriert, auf die Produktion von Masken um. Diese Umstellung diente einem doppelten Zweck: Sie sicherte Arbeitspl\u00e4tze und bot unserem Team eine sinnvolle Besch\u00e4ftigung, w\u00e4hrend sie gleichzeitig die breitere Gemeinschaft unterst\u00fctzte.<br \/>F\u00fcr uns ist diese Anpassungsf\u00e4higkeit ein leuchtendes Beispiel f\u00fcr gelebte Nachhaltigkeit und soziale Verantwortung.<br \/>Es ist ein Beweis daf\u00fcr, dass manchmal die kleinsten Ma\u00dfnahmen die gr\u00f6\u00dfte Wirkung haben k\u00f6nnen.<br \/>Meinst du nicht auch?<\/p><p>Herzlich,<br \/>Raffaella<\/p>\t\t\t\t\t\t\t\t<\/div>\n\t\t\t\t<\/div>\n\t\t\t\t<div class=\"elementor-element elementor-element-961c027 elementor-widget elementor-widget-image\" data-id=\"961c027\" data-element_type=\"widget\" data-e-type=\"widget\" data-widget_type=\"image.default\">\n\t\t\t\t<div class=\"elementor-widget-container\">\n\t\t\t\t\t\t\t\t\t\t\t\t\t\t\t<img decoding=\"async\" width=\"150\" height=\"65\" src=\"https:\/\/demarquet.com\/wp-content\/uploads\/2022\/02\/raffaella_signature.png\" class=\"attachment-full size-full wp-image-315\" alt=\"\" \/>\t\t\t\t\t\t\t\t\t\t\t\t\t\t\t<\/div>\n\t\t\t\t<\/div>\n\t\t\t\t\t<\/div>\n\t\t\t\t<\/div>\n\t\t\t\t<\/div>\n\t\t\t\t<\/div>","protected":false},"excerpt":{"rendered":"<p>De Marquet Story An entrepreneur at heart, creative and passionate, I\u2019m probably one of those women who love a challenge and do not hesitate to throw themselves into it. Always fascinated by fashion and on the road for work as a typical \u201cfrequent flyer\u201d, I was inspired to create \u201cDe Marquet\u201d, my own brand of [&hellip;]<\/p>\n","protected":false},"author":6278,"featured_media":0,"parent":0,"menu_order":0,"comment_status":"closed","ping_status":"closed","template":"","meta":{"footnotes":""},"class_list":["post-108","page","type-page","status-publish","hentry"],"_links":{"self":[{"href":"https:\/\/demarquet.com\/de\/wp-json\/wp\/v2\/pages\/108","targetHints":{"allow":["GET"]}}],"collection":[{"href":"https:\/\/demarquet.com\/de\/wp-json\/wp\/v2\/pages"}],"about":[{"href":"https:\/\/demarquet.com\/de\/wp-json\/wp\/v2\/types\/page"}],"author":[{"embeddable":true,"href":"https:\/\/demarquet.com\/de\/wp-json\/wp\/v2\/users\/6278"}],"replies":[{"embeddable":true,"href":"https:\/\/demarquet.com\/de\/wp-json\/wp\/v2\/comments?post=108"}],"version-history":[{"count":0,"href":"https:\/\/demarquet.com\/de\/wp-json\/wp\/v2\/pages\/108\/revisions"}],"wp:attachment":[{"href":"https:\/\/demarquet.com\/de\/wp-json\/wp\/v2\/media?parent=108"}],"curies":[{"name":"wp","href":"https:\/\/api.w.org\/{rel}","templated":true}]}}