{"id":14370,"date":"2025-09-22T08:36:53","date_gmt":"2025-09-22T06:36:53","guid":{"rendered":"https:\/\/demarquet.com\/?post_type=product&#038;p=14370"},"modified":"2026-03-30T18:41:04","modified_gmt":"2026-03-30T16:41:04","slug":"bonjour-kalbsleder","status":"publish","type":"product","link":"https:\/\/demarquet.com\/de\/product\/bonjour-calfskin\/","title":{"rendered":"Bonjour Kalbleder"},"content":{"rendered":"<p class=\"p1\">\u201cBonjour\u201d von De Marquet ist die perfekte Mischung aus Raffinesse und Funktionalit\u00e4t, um Sie stilvoll durch den Tag zu begleiten - vom morgendlichen Meeting bis zum abendlichen Aperitif.<\/p>\n<p class=\"p1\">Ihre kompakte und dennoch ger\u00e4umige Silhouette mit Henkel und Schulterriemen macht sie zu einem au\u00dfergew\u00f6hnlich vielseitigen Accessoire, das jedem Outfit einen Hauch von Eleganz verleiht.<\/p>","protected":false},"excerpt":{"rendered":"<p class=\"p1\">M\u00fchelose Eleganz, den ganzen Tag lang.<\/p>\n<p class=\"p1\">\u201cBonjour\u201d ist eine Tasche mit oberem Henkel und Schulterriemen von De Marquet. Sie ist aus Glattleder mit gepr\u00e4gtem Logo gefertigt und mit goldfarbenen Details und handwerklichem K\u00f6nnen verziert. Die perfekte Balance zwischen Funktionalit\u00e4t und leisem Luxus.<\/p>","protected":false},"featured_media":14725,"comment_status":"open","ping_status":"closed","template":"","meta":{"width_widest_part":"32","height_just_body":"21","height_with_handle":"32.5","depth_widest_part":"9","weight_in_kg":"0.531","size_guide":"https:\/\/demarquet.com\/wp-content\/uploads\/2025\/12\/Bonjour.png","footnotes":""},"product_brand":[313],"product_cat":[277,309,311,314,310],"product_tag":[307],"season":[318,315],"class_list":{"0":"post-14370","1":"product","2":"type-product","3":"status-publish","4":"has-post-thumbnail","6":"product_brand-de-marquet","7":"product_cat-bonjour","8":"product_cat-bags-2","9":"product_cat-handbag","10":"product_cat-shoulder-bag","11":"product_cat-women","12":"product_tag-syncio-share","13":"season-fw25","14":"season-fall-winter","16":"first","17":"instock","18":"shipping-taxable","19":"purchasable","20":"product-type-variable","21":"has-default-attributes"},"_links":{"self":[{"href":"https:\/\/demarquet.com\/de\/wp-json\/wp\/v2\/product\/14370","targetHints":{"allow":["GET"]}}],"collection":[{"href":"https:\/\/demarquet.com\/de\/wp-json\/wp\/v2\/product"}],"about":[{"href":"https:\/\/demarquet.com\/de\/wp-json\/wp\/v2\/types\/product"}],"replies":[{"embeddable":true,"href":"https:\/\/demarquet.com\/de\/wp-json\/wp\/v2\/comments?post=14370"}],"version-history":[{"count":1,"href":"https:\/\/demarquet.com\/de\/wp-json\/wp\/v2\/product\/14370\/revisions"}],"predecessor-version":[{"id":15222,"href":"https:\/\/demarquet.com\/de\/wp-json\/wp\/v2\/product\/14370\/revisions\/15222"}],"wp:featuredmedia":[{"embeddable":true,"href":"https:\/\/demarquet.com\/de\/wp-json\/wp\/v2\/media\/14725"}],"wp:attachment":[{"href":"https:\/\/demarquet.com\/de\/wp-json\/wp\/v2\/media?parent=14370"}],"wp:term":[{"taxonomy":"product_brand","embeddable":true,"href":"https:\/\/demarquet.com\/de\/wp-json\/wp\/v2\/product_brand?post=14370"},{"taxonomy":"product_cat","embeddable":true,"href":"https:\/\/demarquet.com\/de\/wp-json\/wp\/v2\/product_cat?post=14370"},{"taxonomy":"product_tag","embeddable":true,"href":"https:\/\/demarquet.com\/de\/wp-json\/wp\/v2\/product_tag?post=14370"},{"taxonomy":"season","embeddable":true,"href":"https:\/\/demarquet.com\/de\/wp-json\/wp\/v2\/season?post=14370"}],"curies":[{"name":"wp","href":"https:\/\/api.w.org\/{rel}","templated":true}]}}