{"id":14405,"date":"2025-09-22T09:09:25","date_gmt":"2025-09-22T07:09:25","guid":{"rendered":"https:\/\/demarquet.com\/?post_type=product&#038;p=14405"},"modified":"2026-03-30T18:36:07","modified_gmt":"2026-03-30T16:36:07","slug":"umschlag-dollaro-nieten","status":"publish","type":"product","link":"https:\/\/demarquet.com\/de\/product\/envelope-dollaro-studs\/","title":{"rendered":"Umschlag Dollaro Nieten"},"content":{"rendered":"<p class=\"p1\">Mit ihrem ikonischen Design in Form eines Briefumschlags erinnert die neue Umh\u00e4ngetasche \u2018Envelope\u2019 an die Poesie von Liebesbriefen und ist ein Symbol f\u00fcr zeitlose Eleganz. Das perfekte Accessoire, um jedem Look und jedem besonderen Anlass einen Hauch von Klasse zu verleihen.<\/p>","protected":false},"excerpt":{"rendered":"<p class=\"p1\">Unaufdringlich. Elegant. Zeitgem\u00e4\u00df.<\/p>\n<p class=\"p1\">Mit ihrem raffinierten, kuvertf\u00f6rmigen Design ist die neue Envelope Umh\u00e4ngetasche das perfekte Accessoire f\u00fcr jeden besonderen Anlass. Gefertigt aus hochwertigem Dollaro Bottalato-Kalbsleder, vereint sie Eleganz und Langlebigkeit durch erstklassige Handwerkskunst.<\/p>","protected":false},"featured_media":14409,"comment_status":"open","ping_status":"closed","template":"","meta":{"width_widest_part":"21","height_just_body":"16","height_with_handle":"","depth_widest_part":"5","weight_in_kg":"0.357","size_guide":"https:\/\/demarquet.com\/wp-content\/uploads\/2025\/12\/Envelope.png","footnotes":""},"product_brand":[],"product_cat":[278,309,339,310],"product_tag":[308],"season":[],"class_list":{"0":"post-14405","1":"product","2":"type-product","3":"status-publish","4":"has-post-thumbnail","6":"product_cat-envelope","7":"product_cat-bags-2","8":"product_cat-envelope-envelope","9":"product_cat-women","10":"product_tag-syncio-hidden","12":"first","13":"instock","14":"shipping-taxable","15":"purchasable","16":"product-type-variable","17":"has-default-attributes"},"_links":{"self":[{"href":"https:\/\/demarquet.com\/de\/wp-json\/wp\/v2\/product\/14405","targetHints":{"allow":["GET"]}}],"collection":[{"href":"https:\/\/demarquet.com\/de\/wp-json\/wp\/v2\/product"}],"about":[{"href":"https:\/\/demarquet.com\/de\/wp-json\/wp\/v2\/types\/product"}],"replies":[{"embeddable":true,"href":"https:\/\/demarquet.com\/de\/wp-json\/wp\/v2\/comments?post=14405"}],"version-history":[{"count":2,"href":"https:\/\/demarquet.com\/de\/wp-json\/wp\/v2\/product\/14405\/revisions"}],"predecessor-version":[{"id":15212,"href":"https:\/\/demarquet.com\/de\/wp-json\/wp\/v2\/product\/14405\/revisions\/15212"}],"wp:featuredmedia":[{"embeddable":true,"href":"https:\/\/demarquet.com\/de\/wp-json\/wp\/v2\/media\/14409"}],"wp:attachment":[{"href":"https:\/\/demarquet.com\/de\/wp-json\/wp\/v2\/media?parent=14405"}],"wp:term":[{"taxonomy":"product_brand","embeddable":true,"href":"https:\/\/demarquet.com\/de\/wp-json\/wp\/v2\/product_brand?post=14405"},{"taxonomy":"product_cat","embeddable":true,"href":"https:\/\/demarquet.com\/de\/wp-json\/wp\/v2\/product_cat?post=14405"},{"taxonomy":"product_tag","embeddable":true,"href":"https:\/\/demarquet.com\/de\/wp-json\/wp\/v2\/product_tag?post=14405"},{"taxonomy":"season","embeddable":true,"href":"https:\/\/demarquet.com\/de\/wp-json\/wp\/v2\/season?post=14405"}],"curies":[{"name":"wp","href":"https:\/\/api.w.org\/{rel}","templated":true}]}}