{"id":14422,"date":"2025-09-22T09:26:46","date_gmt":"2025-09-22T07:26:46","guid":{"rendered":"https:\/\/demarquet.com\/?post_type=product&#038;p=14422"},"modified":"2026-03-30T18:26:26","modified_gmt":"2026-03-30T16:26:26","slug":"edles-laminiertes-metall","status":"publish","type":"product","link":"https:\/\/demarquet.com\/de\/product\/fancy-laminated-metallic\/","title":{"rendered":"Ausgefallenes laminiertes Metallic"},"content":{"rendered":"<p class=\"p1\">Eleganz, die sich Ihnen anpasst.<\/p>\n<p class=\"p1\">Fancy ist der perfekte Begleiter: tags\u00fcber eine Umh\u00e4ngetasche, abends eine Clutch. Klare Linien, silberfarbene Metalldetails und handwerkliche Verarbeitung unterstreichen ihre Vielseitigkeit. Das perfekte Accessoire f\u00fcr jeden Moment des Tages.<\/p>","protected":false},"excerpt":{"rendered":"<p class=\"p1\">Von morgens bis abends, mit Stil.<\/p>\n<p class=\"p1\">Die Umh\u00e4ngetasche \u201cFancy\u201d passt zu jeder Gelegenheit: Tragen Sie sie mit ihrer Metallkette als Umh\u00e4ngetasche oder verwandeln Sie sie m\u00fchelos in eine raffinierte Clutch f\u00fcr Veranstaltungen und besondere Momente. Sie ist aus weichem Leder gefertigt und verbindet Funktionalit\u00e4t und Stil mit einem essentiellen und doch auff\u00e4lligen Design.<\/p>","protected":false},"featured_media":14424,"comment_status":"open","ping_status":"closed","template":"","meta":{"width_widest_part":"27.5","height_just_body":"14","height_with_handle":"","depth_widest_part":"6","weight_in_kg":"0.311","size_guide":"https:\/\/demarquet.com\/wp-content\/uploads\/2025\/12\/Signature-Fancy.png","footnotes":""},"product_brand":[313],"product_cat":[227,309,241,311,314,310],"product_tag":[307],"season":[315,318],"class_list":{"0":"post-14422","1":"product","2":"type-product","3":"status-publish","4":"has-post-thumbnail","6":"product_brand-de-marquet","7":"product_cat-signature","8":"product_cat-bags-2","9":"product_cat-fancy","10":"product_cat-handbag","11":"product_cat-shoulder-bag","12":"product_cat-women","13":"product_tag-syncio-share","14":"season-fall-winter","15":"season-fw25","17":"first","18":"instock","19":"shipping-taxable","20":"purchasable","21":"product-type-simple"},"_links":{"self":[{"href":"https:\/\/demarquet.com\/de\/wp-json\/wp\/v2\/product\/14422","targetHints":{"allow":["GET"]}}],"collection":[{"href":"https:\/\/demarquet.com\/de\/wp-json\/wp\/v2\/product"}],"about":[{"href":"https:\/\/demarquet.com\/de\/wp-json\/wp\/v2\/types\/product"}],"replies":[{"embeddable":true,"href":"https:\/\/demarquet.com\/de\/wp-json\/wp\/v2\/comments?post=14422"}],"version-history":[{"count":2,"href":"https:\/\/demarquet.com\/de\/wp-json\/wp\/v2\/product\/14422\/revisions"}],"predecessor-version":[{"id":15203,"href":"https:\/\/demarquet.com\/de\/wp-json\/wp\/v2\/product\/14422\/revisions\/15203"}],"wp:featuredmedia":[{"embeddable":true,"href":"https:\/\/demarquet.com\/de\/wp-json\/wp\/v2\/media\/14424"}],"wp:attachment":[{"href":"https:\/\/demarquet.com\/de\/wp-json\/wp\/v2\/media?parent=14422"}],"wp:term":[{"taxonomy":"product_brand","embeddable":true,"href":"https:\/\/demarquet.com\/de\/wp-json\/wp\/v2\/product_brand?post=14422"},{"taxonomy":"product_cat","embeddable":true,"href":"https:\/\/demarquet.com\/de\/wp-json\/wp\/v2\/product_cat?post=14422"},{"taxonomy":"product_tag","embeddable":true,"href":"https:\/\/demarquet.com\/de\/wp-json\/wp\/v2\/product_tag?post=14422"},{"taxonomy":"season","embeddable":true,"href":"https:\/\/demarquet.com\/de\/wp-json\/wp\/v2\/season?post=14422"}],"curies":[{"name":"wp","href":"https:\/\/api.w.org\/{rel}","templated":true}]}}