{"id":14432,"date":"2025-09-22T09:38:01","date_gmt":"2025-09-22T07:38:01","guid":{"rendered":"https:\/\/demarquet.com\/?post_type=product&#038;p=14432"},"modified":"2026-03-30T18:37:29","modified_gmt":"2026-03-30T16:37:29","slug":"wurfel-nocturne-laminiert","status":"publish","type":"product","link":"https:\/\/demarquet.com\/de\/product\/cube-nocturne-laminated\/","title":{"rendered":"W\u00fcrfel Nocturne laminiert - Eisenlicht"},"content":{"rendered":"<p class=\"p1\">Cube Nocturne: Eine perfekt quadratische Form, die Sinnlichkeit und k\u00fchne Eleganz vereint und die Raffinesse des Abends neu definiert.<\/p>\n<p class=\"p1\">Der Metallkettenriemen und die Plexiglasplakette mit dem ikonischen De Marquet-Monogramm vervollst\u00e4ndigen ein entschiedenes und raffiniertes Design.<\/p>\n<p class=\"p1\">Das ideale Accessoire f\u00fcr alle, die gerne auffallen - auch nachts.<\/p>","protected":false},"excerpt":{"rendered":"<p class=\"p1\">K\u00fchn. Anspruchsvoll. Zeitgem\u00e4\u00df.<\/p>\n<p class=\"p1\">Mit ihrer geometrischen Silhouette und dem Metallkettenband vereint die neue Cube Nocturne Charakter und Raffinesse. Das ikonische Monogramm von De Marquet hebt sich auf einer verspiegelten oder transparenten Plakette ab und kennzeichnet ein essenzielles und unverwechselbares Design, das auch nach Sonnenuntergang noch strahlt.<\/p>","protected":false},"featured_media":14434,"comment_status":"open","ping_status":"closed","template":"","meta":{"width_widest_part":"16","height_just_body":"16","height_with_handle":"","depth_widest_part":"5","weight_in_kg":"0.316","size_guide":"https:\/\/demarquet.com\/wp-content\/uploads\/2025\/12\/Cube-Nocturne.png","footnotes":""},"product_brand":[313],"product_cat":[309,298,311,314,310],"product_tag":[307],"season":[315,318],"class_list":{"0":"post-14432","1":"product","2":"type-product","3":"status-publish","4":"has-post-thumbnail","6":"product_brand-de-marquet","7":"product_cat-bags-2","8":"product_cat-cube-nocturne","9":"product_cat-handbag","10":"product_cat-shoulder-bag","11":"product_cat-women","12":"product_tag-syncio-share","13":"season-fall-winter","14":"season-fw25","16":"first","17":"instock","18":"shipping-taxable","19":"purchasable","20":"product-type-simple"},"_links":{"self":[{"href":"https:\/\/demarquet.com\/de\/wp-json\/wp\/v2\/product\/14432","targetHints":{"allow":["GET"]}}],"collection":[{"href":"https:\/\/demarquet.com\/de\/wp-json\/wp\/v2\/product"}],"about":[{"href":"https:\/\/demarquet.com\/de\/wp-json\/wp\/v2\/types\/product"}],"replies":[{"embeddable":true,"href":"https:\/\/demarquet.com\/de\/wp-json\/wp\/v2\/comments?post=14432"}],"version-history":[{"count":2,"href":"https:\/\/demarquet.com\/de\/wp-json\/wp\/v2\/product\/14432\/revisions"}],"predecessor-version":[{"id":15216,"href":"https:\/\/demarquet.com\/de\/wp-json\/wp\/v2\/product\/14432\/revisions\/15216"}],"wp:featuredmedia":[{"embeddable":true,"href":"https:\/\/demarquet.com\/de\/wp-json\/wp\/v2\/media\/14434"}],"wp:attachment":[{"href":"https:\/\/demarquet.com\/de\/wp-json\/wp\/v2\/media?parent=14432"}],"wp:term":[{"taxonomy":"product_brand","embeddable":true,"href":"https:\/\/demarquet.com\/de\/wp-json\/wp\/v2\/product_brand?post=14432"},{"taxonomy":"product_cat","embeddable":true,"href":"https:\/\/demarquet.com\/de\/wp-json\/wp\/v2\/product_cat?post=14432"},{"taxonomy":"product_tag","embeddable":true,"href":"https:\/\/demarquet.com\/de\/wp-json\/wp\/v2\/product_tag?post=14432"},{"taxonomy":"season","embeddable":true,"href":"https:\/\/demarquet.com\/de\/wp-json\/wp\/v2\/season?post=14432"}],"curies":[{"name":"wp","href":"https:\/\/api.w.org\/{rel}","templated":true}]}}