{"id":14762,"date":"2026-02-15T20:39:08","date_gmt":"2026-02-15T19:39:08","guid":{"rendered":"https:\/\/demarquet.com\/?post_type=product&#038;p=14762"},"modified":"2026-04-10T16:48:23","modified_gmt":"2026-04-10T14:48:23","slug":"minibox-cut-dollaro","status":"publish","type":"product","link":"https:\/\/demarquet.com\/de\/product\/minibox-cut-dollaro\/","title":{"rendered":"Minibox Schnitt Dollaro"},"content":{"rendered":"<p>Strukturiert. K\u00fchn. Exotisch. Die MiniBox Cut ist ein Meisterwerk an geometrischer Pr\u00e4zision. Diese vielseitige Ikone l\u00e4sst sich nahtlos von einer raffinierten Clutch in eine k\u00fchne Crossbody-Tasche verwandeln und ist damit das ultimative Statement-Piece f\u00fcr jede Stunde. Gefertigt aus exquisitem Leder mit Krokopr\u00e4gung, verleiht die Pr\u00e4zision der platzierten Schuppendetails der architektonischen Silhouette eine raffinierte Tiefe und einen starken Charakter.<\/p>","protected":false},"excerpt":{"rendered":"<p>Die MiniBox Cut ist ein Meisterwerk geometrischer Pr\u00e4zision, das nahtlos von einer raffinierten Clutch in eine Crossbody-Tasche \u00fcbergeht. Gefertigt aus exquisitem Leder mit Krokopr\u00e4gung, unterstreicht die sorgf\u00e4ltige Platzierung der Schuppendetails die architektonische Silhouette und macht sie zu einem ikonischen Statement f\u00fcr jeden Anlass.<\/p>","protected":false},"featured_media":14766,"comment_status":"open","ping_status":"closed","template":"","meta":{"width_widest_part":"20","height_just_body":"11","height_with_handle":"","depth_widest_part":"5.5","weight_in_kg":"0.225","size_guide":"https:\/\/demarquet.com\/wp-content\/uploads\/2025\/12\/MiniBox-Cut.png","footnotes":""},"product_brand":[313],"product_cat":[309,311,312,299,337,314,310],"product_tag":[307],"season":[316,325],"class_list":{"0":"post-14762","1":"product","2":"type-product","3":"status-publish","4":"has-post-thumbnail","6":"product_brand-de-marquet","7":"product_cat-bags-2","8":"product_cat-handbag","9":"product_cat-mini-bag","10":"product_cat-minibox","11":"product_cat-minibox-cut","12":"product_cat-shoulder-bag","13":"product_cat-women","14":"product_tag-syncio-share","15":"season-spring-summer","16":"season-ss26","18":"first","19":"instock","20":"shipping-taxable","21":"purchasable","22":"product-type-variable"},"_links":{"self":[{"href":"https:\/\/demarquet.com\/de\/wp-json\/wp\/v2\/product\/14762","targetHints":{"allow":["GET"]}}],"collection":[{"href":"https:\/\/demarquet.com\/de\/wp-json\/wp\/v2\/product"}],"about":[{"href":"https:\/\/demarquet.com\/de\/wp-json\/wp\/v2\/types\/product"}],"replies":[{"embeddable":true,"href":"https:\/\/demarquet.com\/de\/wp-json\/wp\/v2\/comments?post=14762"}],"version-history":[{"count":2,"href":"https:\/\/demarquet.com\/de\/wp-json\/wp\/v2\/product\/14762\/revisions"}],"predecessor-version":[{"id":15201,"href":"https:\/\/demarquet.com\/de\/wp-json\/wp\/v2\/product\/14762\/revisions\/15201"}],"wp:featuredmedia":[{"embeddable":true,"href":"https:\/\/demarquet.com\/de\/wp-json\/wp\/v2\/media\/14766"}],"wp:attachment":[{"href":"https:\/\/demarquet.com\/de\/wp-json\/wp\/v2\/media?parent=14762"}],"wp:term":[{"taxonomy":"product_brand","embeddable":true,"href":"https:\/\/demarquet.com\/de\/wp-json\/wp\/v2\/product_brand?post=14762"},{"taxonomy":"product_cat","embeddable":true,"href":"https:\/\/demarquet.com\/de\/wp-json\/wp\/v2\/product_cat?post=14762"},{"taxonomy":"product_tag","embeddable":true,"href":"https:\/\/demarquet.com\/de\/wp-json\/wp\/v2\/product_tag?post=14762"},{"taxonomy":"season","embeddable":true,"href":"https:\/\/demarquet.com\/de\/wp-json\/wp\/v2\/season?post=14762"}],"curies":[{"name":"wp","href":"https:\/\/api.w.org\/{rel}","templated":true}]}}