{"id":108,"date":"2022-01-08T00:25:18","date_gmt":"2022-01-08T00:25:18","guid":{"rendered":"https:\/\/new.demarquet.com\/?page_id=108"},"modified":"2026-02-15T23:54:21","modified_gmt":"2026-02-15T22:54:21","slug":"circa","status":"publish","type":"page","link":"https:\/\/demarquet.com\/it\/about\/","title":{"rendered":"La storia di Demarquet"},"content":{"rendered":"<div data-elementor-type=\"wp-page\" data-elementor-id=\"108\" class=\"elementor elementor-108\" data-elementor-post-type=\"page\">\n\t\t\t\t<div class=\"elementor-element elementor-element-3efbd35 e-con-full e-flex e-con e-parent\" data-id=\"3efbd35\" data-element_type=\"container\" data-e-type=\"container\">\n\t\t\t\t<div class=\"elementor-element elementor-element-ac83d3e elementor-widget elementor-widget-image\" data-id=\"ac83d3e\" data-element_type=\"widget\" data-e-type=\"widget\" data-widget_type=\"image.default\">\n\t\t\t\t<div class=\"elementor-widget-container\">\n\t\t\t\t\t\t\t\t\t\t\t\t\t\t\t<img fetchpriority=\"high\" decoding=\"async\" width=\"4586\" height=\"2304\" src=\"https:\/\/demarquet.com\/wp-content\/uploads\/2026\/02\/SS26-Story-BANNER.webp\" class=\"attachment-full size-full wp-image-14957\" alt=\"\" srcset=\"https:\/\/demarquet.com\/wp-content\/uploads\/2026\/02\/SS26-Story-BANNER.webp 4586w, https:\/\/demarquet.com\/wp-content\/uploads\/2026\/02\/SS26-Story-BANNER-300x151.webp 300w, https:\/\/demarquet.com\/wp-content\/uploads\/2026\/02\/SS26-Story-BANNER-1024x514.webp 1024w, https:\/\/demarquet.com\/wp-content\/uploads\/2026\/02\/SS26-Story-BANNER-768x386.webp 768w, https:\/\/demarquet.com\/wp-content\/uploads\/2026\/02\/SS26-Story-BANNER-1536x772.webp 1536w, https:\/\/demarquet.com\/wp-content\/uploads\/2026\/02\/SS26-Story-BANNER-2048x1029.webp 2048w, https:\/\/demarquet.com\/wp-content\/uploads\/2026\/02\/SS26-Story-BANNER-18x9.webp 18w, https:\/\/demarquet.com\/wp-content\/uploads\/2026\/02\/SS26-Story-BANNER-600x301.webp 600w\" sizes=\"(max-width: 4586px) 100vw, 4586px\" \/>\t\t\t\t\t\t\t\t\t\t\t\t\t\t\t<\/div>\n\t\t\t\t<\/div>\n\t\t<div class=\"elementor-element elementor-element-db9d754 e-con-full e-flex e-con e-child\" data-id=\"db9d754\" data-element_type=\"container\" data-e-type=\"container\">\n\t\t\t\t<div class=\"elementor-element elementor-element-8bb9d73 elementor-widget elementor-widget-heading\" data-id=\"8bb9d73\" data-element_type=\"widget\" data-e-type=\"widget\" data-widget_type=\"heading.default\">\n\t\t\t\t<div class=\"elementor-widget-container\">\n\t\t\t\t\t<h1 class=\"elementor-heading-title elementor-size-default\">La storia di Demarquet<\/h1>\t\t\t\t<\/div>\n\t\t\t\t<\/div>\n\t\t\t\t<div class=\"elementor-element elementor-element-48c0ff1 elementor-widget elementor-widget-text-editor\" data-id=\"48c0ff1\" data-element_type=\"widget\" data-e-type=\"widget\" data-widget_type=\"text-editor.default\">\n\t\t\t\t<div class=\"elementor-widget-container\">\n\t\t\t\t\t\t\t\t\t<p>Imprenditrice nell\u2019animo, creativa e appassionata, sono probabilmente una di quelle donne che amano le sfide e non esitano a buttarsi in esse. Da sempre affascinata dalla moda e in viaggio per lavoro come \u201cfrequent flyer\u201d, ho avuto l'ispirazione di creare \u201cDe Marquet\u201d, il mio marchio di borse di cui ho scelto il nome in onore della mia nobile bisnonna viennese. L\u2019iconica \u201cNight&amp;Day\u201d \u00e8 una borsa con cover intercambiabili, apprezzata dalle donne che viaggiano spesso per la sua praticit\u00e0 ma anche perch\u00e9 riflette un modo nuovo e sostenibile di consumare meno, ma consumare meglio. Per il \u201cNight&amp;Day\u201d dal concept smart e con cover intercambiabili, interamente \u201cMade in Italy\u201d da artigiani italiani, sono sempre alla ricerca di collaborazioni con artisti rinomati ed anche emergenti; Vedo ogni cover come un vero e proprio territorio di espressione. Queste collaborazioni non di rado danno vita ad amicizie belle e preziose, e questo \u00e8 un motivo in pi\u00f9 per cui mi piace moltissimo quello che faccio: mi interessano le persone e le loro storie. Cosa gli ispira, cosa rappresentano, in cosa credono. Per quanto mi riguarda, credo nella scintilla, nel coraggio di svoltare e orientare la propria vita verso un sogno. Non smetter\u00f2 di credere nei sogni e spero vivamente lo stesso per te. Grazie per aver dedicato del tempo per visitare il nostro sito De Marquet. Spero che \u2013 mentre navighi \u2013 senti la passione e l'amore che mettiamo in quello che facciamo.\u00a0<\/p>\t\t\t\t\t\t\t\t<\/div>\n\t\t\t\t<\/div>\n\t\t\t\t<\/div>\n\t\t<div class=\"elementor-element elementor-element-b8a3c17 e-flex e-con-boxed e-con e-child\" data-id=\"b8a3c17\" data-element_type=\"container\" data-e-type=\"container\" id=\"sustainability\">\n\t\t\t\t\t<div class=\"e-con-inner\">\n\t\t\t\t<div class=\"elementor-element elementor-element-c4a5922 elementor-widget elementor-widget-heading\" data-id=\"c4a5922\" data-element_type=\"widget\" data-e-type=\"widget\" data-widget_type=\"heading.default\">\n\t\t\t\t<div class=\"elementor-widget-container\">\n\t\t\t\t\t<h2 class=\"elementor-heading-title elementor-size-default\">SOSTENIBILIT\u00c1<\/h2>\t\t\t\t<\/div>\n\t\t\t\t<\/div>\n\t\t\t\t<div class=\"elementor-element elementor-element-894989e elementor-widget elementor-widget-text-editor\" data-id=\"894989e\" data-element_type=\"widget\" data-e-type=\"widget\" data-widget_type=\"text-editor.default\">\n\t\t\t\t<div class=\"elementor-widget-container\">\n\t\t\t\t\t\t\t\t\t<p>La sostenibilit\u00e0, oggi pi\u00f9 che mai, risuona come un termine onnipresente. Tuttavia, emerge il dubbio se la sua essenza sia universalmente intesa, da tutti noi, nella stessa accezione. Personalmente, ritengo che il vero significato di \"sostenibilit\u00e0\" risieda nell'adottare una consapevolezza rinnovata e nell'impegnarsi per generare un impatto positivo, per quanto modesto, al meglio delle nostre possibilit\u00e0.\nNoi di De Marquet, da sempre, abbiamo tessuto le fibre della sostenibilit\u00e0 e della responsabilit\u00e0 sociale nel DNA del nostro processo creativo. La scelta di produrre interamente in Italia non si \u00e8 limitata a una mera decisione etichettaria, ma ha rappresentato un impegno profondo verso il sostegno della produzione locale, incarnando cos\u00ec la nostra vision. \u00c8 per questa ragione che i nostri laboratori artigianali hanno sede nel cuore pulsante della Toscana.<br \/>Un pilastro distintivo del nostro atelier \u00e8 la sua funzione come centro di re-integrazione lavorativa, dove il 30% del nostro team \u00e8 costituito da persone che affrontano sfide fisiche, mentali o sociali. Questa diversit\u00e0 arricchisce il nostro ambiente lavorativo di un valore umano inestimabile.<br \/>La pandemia di COVID-19 e i successivi blocchi hanno portato in primo piano l'importanza cruciale di proteggere questi posti di lavoro. In risposta, la nostra struttura, abitualmente dedita alla creazione di borse e calzature, ha virato verso la produzione di mascherine. Questo cambio di rotta non solo ha garantito la continuit\u00e0 lavorativa del nostro team ma ha anche rafforzato il nostro legame con la comunit\u00e0 circostante, offrendo un contributo tangibile in tempi di necessit\u00e0.<br \/>Per noi, la capacit\u00e0 di adattarsi con resilienza \u00e8 l'emblema di cosa significhi realmente praticare quotidianamente la sostenibilit\u00e0 e l'impegno sociale.<br \/>Questa \u00e8 la dimostrazione che, spesso, sono i gesti pi\u00f9 semplici a innescare le onde d'impatto pi\u00f9 ampie.<br \/>Non siete d\u2019accordo anche voi?<\/p><p>Con affetto,<br \/>Raffaella<\/p>\t\t\t\t\t\t\t\t<\/div>\n\t\t\t\t<\/div>\n\t\t\t\t<div class=\"elementor-element elementor-element-961c027 elementor-widget elementor-widget-image\" data-id=\"961c027\" data-element_type=\"widget\" data-e-type=\"widget\" data-widget_type=\"image.default\">\n\t\t\t\t<div class=\"elementor-widget-container\">\n\t\t\t\t\t\t\t\t\t\t\t\t\t\t\t<img decoding=\"async\" width=\"150\" height=\"65\" src=\"https:\/\/demarquet.com\/wp-content\/uploads\/2022\/02\/raffaella_signature.png\" class=\"attachment-full size-full wp-image-315\" alt=\"\" \/>\t\t\t\t\t\t\t\t\t\t\t\t\t\t\t<\/div>\n\t\t\t\t<\/div>\n\t\t\t\t\t<\/div>\n\t\t\t\t<\/div>\n\t\t\t\t<\/div>\n\t\t\t\t<\/div>","protected":false},"excerpt":{"rendered":"<p>De Marquet Story An entrepreneur at heart, creative and passionate, I\u2019m probably one of those women who love a challenge and do not hesitate to throw themselves into it. Always fascinated by fashion and on the road for work as a typical \u201cfrequent flyer\u201d, I was inspired to create \u201cDe Marquet\u201d, my own brand of [&hellip;]<\/p>\n","protected":false},"author":6278,"featured_media":0,"parent":0,"menu_order":0,"comment_status":"closed","ping_status":"closed","template":"","meta":{"footnotes":""},"class_list":["post-108","page","type-page","status-publish","hentry"],"_links":{"self":[{"href":"https:\/\/demarquet.com\/it\/wp-json\/wp\/v2\/pages\/108","targetHints":{"allow":["GET"]}}],"collection":[{"href":"https:\/\/demarquet.com\/it\/wp-json\/wp\/v2\/pages"}],"about":[{"href":"https:\/\/demarquet.com\/it\/wp-json\/wp\/v2\/types\/page"}],"author":[{"embeddable":true,"href":"https:\/\/demarquet.com\/it\/wp-json\/wp\/v2\/users\/6278"}],"replies":[{"embeddable":true,"href":"https:\/\/demarquet.com\/it\/wp-json\/wp\/v2\/comments?post=108"}],"version-history":[{"count":0,"href":"https:\/\/demarquet.com\/it\/wp-json\/wp\/v2\/pages\/108\/revisions"}],"wp:attachment":[{"href":"https:\/\/demarquet.com\/it\/wp-json\/wp\/v2\/media?parent=108"}],"curies":[{"name":"wp","href":"https:\/\/api.w.org\/{rel}","templated":true}]}}