{"id":15055,"date":"2026-03-14T10:52:25","date_gmt":"2026-03-14T09:52:25","guid":{"rendered":"https:\/\/demarquet.com\/?post_type=product&#038;p=15055"},"modified":"2026-03-30T18:42:15","modified_gmt":"2026-03-30T16:42:15","slug":"baresquare-dollaro-swiss","status":"publish","type":"product","link":"https:\/\/demarquet.com\/it\/product\/baresquare-dollaro-swiss\/","title":{"rendered":"Baresquare Dollaro"},"content":{"rendered":"<p>Una borsa di forma quadrata che incarna il lusso minimalista, bilanciando forma e funzione. Realizzata in pelle con lavorazione a ciottoli, offre una finitura resistente e un'eleganza senza tempo.<\/p>","protected":false},"excerpt":{"rendered":"<p>In grassetto. Essential. Geometrico.<br \/>\nBareSquare \u00e8 l'ultima dichiarazione di lusso minimalista. Con la sua silhouette pulita e squadrata e il suo design strutturato, \u00e8 il compagno perfetto per la donna moderna che apprezza sia la forma che la funzionalit\u00e0.<\/p>\n<p>Realizzata in morbida pelle di dollaro acciottolata, la sua grana senza tempo e la finitura resistente combinano un'eleganza senza sforzo con un carattere robusto e sofisticato che dura nel tempo.<\/p>","protected":false},"featured_media":14871,"comment_status":"open","ping_status":"closed","template":"","meta":{"width_widest_part":"21.5","height_just_body":"19.5","height_with_handle":"29.5","depth_widest_part":"11","weight_in_kg":"0.396","size_guide":"https:\/\/demarquet.com\/wp-content\/uploads\/2025\/12\/BareSquare.png","footnotes":""},"product_brand":[313],"product_cat":[309,335,311,314,310],"product_tag":[308],"season":[316,325],"class_list":{"0":"post-15055","1":"product","2":"type-product","3":"status-publish","4":"has-post-thumbnail","6":"product_brand-de-marquet","7":"product_cat-bags-2","8":"product_cat-baresquare","9":"product_cat-handbag","10":"product_cat-shoulder-bag","11":"product_cat-women","12":"product_tag-syncio-hidden","13":"season-spring-summer","14":"season-ss26","16":"first","17":"instock","18":"shipping-taxable","19":"product-type-variable"},"_links":{"self":[{"href":"https:\/\/demarquet.com\/it\/wp-json\/wp\/v2\/product\/15055","targetHints":{"allow":["GET"]}}],"collection":[{"href":"https:\/\/demarquet.com\/it\/wp-json\/wp\/v2\/product"}],"about":[{"href":"https:\/\/demarquet.com\/it\/wp-json\/wp\/v2\/types\/product"}],"replies":[{"embeddable":true,"href":"https:\/\/demarquet.com\/it\/wp-json\/wp\/v2\/comments?post=15055"}],"version-history":[{"count":1,"href":"https:\/\/demarquet.com\/it\/wp-json\/wp\/v2\/product\/15055\/revisions"}],"predecessor-version":[{"id":15224,"href":"https:\/\/demarquet.com\/it\/wp-json\/wp\/v2\/product\/15055\/revisions\/15224"}],"wp:featuredmedia":[{"embeddable":true,"href":"https:\/\/demarquet.com\/it\/wp-json\/wp\/v2\/media\/14871"}],"wp:attachment":[{"href":"https:\/\/demarquet.com\/it\/wp-json\/wp\/v2\/media?parent=15055"}],"wp:term":[{"taxonomy":"product_brand","embeddable":true,"href":"https:\/\/demarquet.com\/it\/wp-json\/wp\/v2\/product_brand?post=15055"},{"taxonomy":"product_cat","embeddable":true,"href":"https:\/\/demarquet.com\/it\/wp-json\/wp\/v2\/product_cat?post=15055"},{"taxonomy":"product_tag","embeddable":true,"href":"https:\/\/demarquet.com\/it\/wp-json\/wp\/v2\/product_tag?post=15055"},{"taxonomy":"season","embeddable":true,"href":"https:\/\/demarquet.com\/it\/wp-json\/wp\/v2\/season?post=15055"}],"curies":[{"name":"wp","href":"https:\/\/api.w.org\/{rel}","templated":true}]}}